{"id":1038,"date":"2023-10-10T16:34:27","date_gmt":"2023-10-10T14:34:27","guid":{"rendered":"https:\/\/xn--ponsnioles-y9a.com\/?page_id=1038"},"modified":"2023-11-07T12:41:08","modified_gmt":"2023-11-07T11:41:08","slug":"nuestro-equipo-3","status":"publish","type":"page","link":"https:\/\/xn--ponsnioles-y9a.com\/index.php\/nuestro-equipo-3\/","title":{"rendered":"Nuestro equipo"},"content":{"rendered":"\t\t<div data-elementor-type=\"wp-page\" data-elementor-id=\"1038\" class=\"elementor elementor-1038\">\n\t\t\t\t<div class=\"elementor-element elementor-element-7de4122 e-flex e-con-boxed e-con e-parent\" data-id=\"7de4122\" data-element_type=\"container\" data-settings=\"{&quot;background_background&quot;:&quot;classic&quot;,&quot;content_width&quot;:&quot;boxed&quot;}\" data-core-v316-plus=\"true\">\n\t\t\t\t\t<div class=\"e-con-inner\">\n\t\t<div class=\"elementor-element elementor-element-f7e3c45 e-con-full e-flex e-con e-child\" data-id=\"f7e3c45\" data-element_type=\"container\" data-settings=\"{&quot;content_width&quot;:&quot;full&quot;}\">\n\t\t\t\t<div class=\"elementor-element elementor-element-9836d8e elementor-hidden-tablet elementor-hidden-mobile elementor-widget elementor-widget-spacer\" data-id=\"9836d8e\" data-element_type=\"widget\" data-widget_type=\"spacer.default\">\n\t\t\t\t<div class=\"elementor-widget-container\">\n\t\t\t<style>\/*! elementor - v3.19.0 - 29-01-2024 *\/\n.elementor-column .elementor-spacer-inner{height:var(--spacer-size)}.e-con{--container-widget-width:100%}.e-con-inner>.elementor-widget-spacer,.e-con>.elementor-widget-spacer{width:var(--container-widget-width,var(--spacer-size));--align-self:var(--container-widget-align-self,initial);--flex-shrink:0}.e-con-inner>.elementor-widget-spacer>.elementor-widget-container,.e-con>.elementor-widget-spacer>.elementor-widget-container{height:100%;width:100%}.e-con-inner>.elementor-widget-spacer>.elementor-widget-container>.elementor-spacer,.e-con>.elementor-widget-spacer>.elementor-widget-container>.elementor-spacer{height:100%}.e-con-inner>.elementor-widget-spacer>.elementor-widget-container>.elementor-spacer>.elementor-spacer-inner,.e-con>.elementor-widget-spacer>.elementor-widget-container>.elementor-spacer>.elementor-spacer-inner{height:var(--container-widget-height,var(--spacer-size))}.e-con-inner>.elementor-widget-spacer.elementor-widget-empty,.e-con>.elementor-widget-spacer.elementor-widget-empty{position:relative;min-height:22px;min-width:22px}.e-con-inner>.elementor-widget-spacer.elementor-widget-empty .elementor-widget-empty-icon,.e-con>.elementor-widget-spacer.elementor-widget-empty .elementor-widget-empty-icon{position:absolute;top:0;bottom:0;left:0;right:0;margin:auto;padding:0;width:22px;height:22px}<\/style>\t\t<div class=\"elementor-spacer\">\n\t\t\t<div class=\"elementor-spacer-inner\"><\/div>\n\t\t<\/div>\n\t\t\t\t<\/div>\n\t\t\t\t<\/div>\n\t\t\t\t<div class=\"elementor-element elementor-element-4ebce48 elementor-widget elementor-widget-heading\" data-id=\"4ebce48\" data-element_type=\"widget\" data-widget_type=\"heading.default\">\n\t\t\t\t<div class=\"elementor-widget-container\">\n\t\t\t<style>\/*! elementor - v3.19.0 - 29-01-2024 *\/\n.elementor-heading-title{padding:0;margin:0;line-height:1}.elementor-widget-heading .elementor-heading-title[class*=elementor-size-]>a{color:inherit;font-size:inherit;line-height:inherit}.elementor-widget-heading .elementor-heading-title.elementor-size-small{font-size:15px}.elementor-widget-heading .elementor-heading-title.elementor-size-medium{font-size:19px}.elementor-widget-heading .elementor-heading-title.elementor-size-large{font-size:29px}.elementor-widget-heading .elementor-heading-title.elementor-size-xl{font-size:39px}.elementor-widget-heading .elementor-heading-title.elementor-size-xxl{font-size:59px}<\/style><h2 class=\"elementor-heading-title elementor-size-default\">Nuestro Equipo, Es T\u00fa Equipo<\/h2>\t\t<\/div>\n\t\t\t\t<\/div>\n\t\t\t\t<div class=\"elementor-element elementor-element-aff5530 elementor-widget elementor-widget-spacer\" data-id=\"aff5530\" data-element_type=\"widget\" data-widget_type=\"spacer.default\">\n\t\t\t\t<div class=\"elementor-widget-container\">\n\t\t\t\t\t<div class=\"elementor-spacer\">\n\t\t\t<div class=\"elementor-spacer-inner\"><\/div>\n\t\t<\/div>\n\t\t\t\t<\/div>\n\t\t\t\t<\/div>\n\t\t\t\t<div class=\"elementor-element elementor-element-75fd12c elementor-widget elementor-widget-text-editor\" data-id=\"75fd12c\" data-element_type=\"widget\" data-widget_type=\"text-editor.default\">\n\t\t\t\t<div class=\"elementor-widget-container\">\n\t\t\t<style>\/*! elementor - v3.19.0 - 29-01-2024 *\/\n.elementor-widget-text-editor.elementor-drop-cap-view-stacked .elementor-drop-cap{background-color:#69727d;color:#fff}.elementor-widget-text-editor.elementor-drop-cap-view-framed .elementor-drop-cap{color:#69727d;border:3px solid;background-color:transparent}.elementor-widget-text-editor:not(.elementor-drop-cap-view-default) .elementor-drop-cap{margin-top:8px}.elementor-widget-text-editor:not(.elementor-drop-cap-view-default) .elementor-drop-cap-letter{width:1em;height:1em}.elementor-widget-text-editor .elementor-drop-cap{float:left;text-align:center;line-height:1;font-size:50px}.elementor-widget-text-editor .elementor-drop-cap-letter{display:inline-block}<\/style>\t\t\t\t<p class=\"p1\">El equipo de expertos en PONS NI\u00d1OLES ABOGADOS destaca por su excepcional preparaci\u00f3n en materias jur\u00eddicas, su visi\u00f3n estrat\u00e9gica, y su compromiso inquebrantable con la prestaci\u00f3n de servicios de vanguardia en el \u00e1mbito legal.<\/p><p class=\"p1\">Un rasgo distintivo de nuestra firma, es que el abogado o la abogada responsable del caso permanece presente desde el primer contacto hasta la resoluci\u00f3n del asunto, asumiendo la defensa de manera directa y personal.<\/p><p class=\"p1\">Nuestra b\u00fasqueda de excelencia y especializaci\u00f3n se basa en el capital humano, y estos valores definen la identidad de PONS NI\u00d1OLES ABOGADOS. Nuestros profesionales trabajan incansablemente para fortalecer las relaciones con nuestros clientes y contribuir de manera significativa a su \u00e9xito.<\/p>\t\t\t\t\t\t<\/div>\n\t\t\t\t<\/div>\n\t\t\t\t<div class=\"elementor-element elementor-element-f0215da elementor-hidden-tablet elementor-hidden-mobile elementor-widget elementor-widget-spacer\" data-id=\"f0215da\" data-element_type=\"widget\" data-widget_type=\"spacer.default\">\n\t\t\t\t<div class=\"elementor-widget-container\">\n\t\t\t\t\t<div class=\"elementor-spacer\">\n\t\t\t<div class=\"elementor-spacer-inner\"><\/div>\n\t\t<\/div>\n\t\t\t\t<\/div>\n\t\t\t\t<\/div>\n\t\t\t\t<\/div>\n\t\t<div class=\"elementor-element elementor-element-37d2bf7 e-con-full e-flex e-con e-child\" data-id=\"37d2bf7\" data-element_type=\"container\" data-settings=\"{&quot;content_width&quot;:&quot;full&quot;}\">\n\t\t\t\t<div class=\"elementor-element elementor-element-bebec1d elementor-widget elementor-widget-image\" data-id=\"bebec1d\" data-element_type=\"widget\" data-widget_type=\"image.default\">\n\t\t\t\t<div class=\"elementor-widget-container\">\n\t\t\t<style>\/*! elementor - v3.19.0 - 29-01-2024 *\/\n.elementor-widget-image{text-align:center}.elementor-widget-image a{display:inline-block}.elementor-widget-image a img[src$=\".svg\"]{width:48px}.elementor-widget-image img{vertical-align:middle;display:inline-block}<\/style>\t\t\t\t\t\t\t\t\t\t<img fetchpriority=\"high\" decoding=\"async\" width=\"1024\" height=\"817\" src=\"https:\/\/xn--ponsnioles-y9a.com\/wp-content\/uploads\/2023\/10\/CP_5840-1024x817.jpg\" class=\"attachment-large size-large wp-image-1311\" alt=\"\" srcset=\"https:\/\/xn--ponsnioles-y9a.com\/wp-content\/uploads\/2023\/10\/CP_5840-1024x817.jpg 1024w, https:\/\/xn--ponsnioles-y9a.com\/wp-content\/uploads\/2023\/10\/CP_5840-300x239.jpg 300w, https:\/\/xn--ponsnioles-y9a.com\/wp-content\/uploads\/2023\/10\/CP_5840-768x613.jpg 768w, https:\/\/xn--ponsnioles-y9a.com\/wp-content\/uploads\/2023\/10\/CP_5840-1536x1226.jpg 1536w, https:\/\/xn--ponsnioles-y9a.com\/wp-content\/uploads\/2023\/10\/CP_5840-2048x1635.jpg 2048w\" sizes=\"(max-width: 1024px) 100vw, 1024px\" \/>\t\t\t\t\t\t\t\t\t\t\t\t\t<\/div>\n\t\t\t\t<\/div>\n\t\t\t\t<div class=\"elementor-element elementor-element-4b4c427 elementor-hidden-desktop elementor-widget elementor-widget-spacer\" data-id=\"4b4c427\" data-element_type=\"widget\" data-widget_type=\"spacer.default\">\n\t\t\t\t<div class=\"elementor-widget-container\">\n\t\t\t\t\t<div class=\"elementor-spacer\">\n\t\t\t<div class=\"elementor-spacer-inner\"><\/div>\n\t\t<\/div>\n\t\t\t\t<\/div>\n\t\t\t\t<\/div>\n\t\t\t\t<\/div>\n\t\t\t\t\t<\/div>\n\t\t\t\t<\/div>\n\t\t<div class=\"elementor-element elementor-element-a9d6897 e-flex e-con-boxed e-con e-parent\" data-id=\"a9d6897\" data-element_type=\"container\" data-settings=\"{&quot;content_width&quot;:&quot;boxed&quot;}\" data-core-v316-plus=\"true\">\n\t\t\t\t\t<div class=\"e-con-inner\">\n\t\t<div class=\"elementor-element elementor-element-be896c5 e-con-full e-flex e-con e-child\" data-id=\"be896c5\" data-element_type=\"container\" data-settings=\"{&quot;content_width&quot;:&quot;full&quot;}\">\n\t\t\t\t<div class=\"elementor-element elementor-element-03d68a7 elementor-widget elementor-widget-spacer\" data-id=\"03d68a7\" data-element_type=\"widget\" data-widget_type=\"spacer.default\">\n\t\t\t\t<div class=\"elementor-widget-container\">\n\t\t\t\t\t<div class=\"elementor-spacer\">\n\t\t\t<div class=\"elementor-spacer-inner\"><\/div>\n\t\t<\/div>\n\t\t\t\t<\/div>\n\t\t\t\t<\/div>\n\t\t\t\t<div class=\"elementor-element elementor-element-74f2fc9 elementor-widget elementor-widget-image\" data-id=\"74f2fc9\" data-element_type=\"widget\" data-widget_type=\"image.default\">\n\t\t\t\t<div class=\"elementor-widget-container\">\n\t\t\t\t\t\t\t\t\t\t\t\t\t<img decoding=\"async\" width=\"1024\" height=\"683\" src=\"https:\/\/xn--ponsnioles-y9a.com\/wp-content\/uploads\/2023\/10\/CP_5805-1024x683.jpg\" class=\"attachment-large size-large wp-image-1376\" alt=\"\" srcset=\"https:\/\/xn--ponsnioles-y9a.com\/wp-content\/uploads\/2023\/10\/CP_5805-1024x683.jpg 1024w, https:\/\/xn--ponsnioles-y9a.com\/wp-content\/uploads\/2023\/10\/CP_5805-300x200.jpg 300w, https:\/\/xn--ponsnioles-y9a.com\/wp-content\/uploads\/2023\/10\/CP_5805-768x512.jpg 768w, https:\/\/xn--ponsnioles-y9a.com\/wp-content\/uploads\/2023\/10\/CP_5805-1536x1024.jpg 1536w, https:\/\/xn--ponsnioles-y9a.com\/wp-content\/uploads\/2023\/10\/CP_5805-2048x1365.jpg 2048w\" sizes=\"(max-width: 1024px) 100vw, 1024px\" \/>\t\t\t\t\t\t\t\t\t\t\t\t\t<\/div>\n\t\t\t\t<\/div>\n\t\t\t\t<div class=\"elementor-element elementor-element-80a596a elementor-widget elementor-widget-heading\" data-id=\"80a596a\" data-element_type=\"widget\" data-widget_type=\"heading.default\">\n\t\t\t\t<div class=\"elementor-widget-container\">\n\t\t\t<h2 class=\"elementor-heading-title elementor-size-default\">Carmen Pons Hern\u00e1ndez<\/h2>\t\t<\/div>\n\t\t\t\t<\/div>\n\t\t\t\t<div class=\"elementor-element elementor-element-fcddd77 elementor-widget elementor-widget-text-editor\" data-id=\"fcddd77\" data-element_type=\"widget\" data-widget_type=\"text-editor.default\">\n\t\t\t\t<div class=\"elementor-widget-container\">\n\t\t\t\t\t\t\t<ul><li>Abogada especialista en Derecho de Familia, Sucesiones y Herencias<\/li><li>Colegiada en el Ilustre Colegio de Abogados de Elche<\/li><li>Licenciada en Derecho por la Universidad de Murcia.<\/li><\/ul>\t\t\t\t\t\t<\/div>\n\t\t\t\t<\/div>\n\t\t\t\t<\/div>\n\t\t<div class=\"elementor-element elementor-element-b325046 e-con-full e-flex e-con e-child\" data-id=\"b325046\" data-element_type=\"container\" data-settings=\"{&quot;content_width&quot;:&quot;full&quot;}\">\n\t\t\t\t<div class=\"elementor-element elementor-element-e050905 elementor-widget elementor-widget-spacer\" data-id=\"e050905\" data-element_type=\"widget\" data-widget_type=\"spacer.default\">\n\t\t\t\t<div class=\"elementor-widget-container\">\n\t\t\t\t\t<div class=\"elementor-spacer\">\n\t\t\t<div class=\"elementor-spacer-inner\"><\/div>\n\t\t<\/div>\n\t\t\t\t<\/div>\n\t\t\t\t<\/div>\n\t\t\t\t<div class=\"elementor-element elementor-element-8b7c0a8 elementor-widget elementor-widget-image\" data-id=\"8b7c0a8\" data-element_type=\"widget\" data-widget_type=\"image.default\">\n\t\t\t\t<div class=\"elementor-widget-container\">\n\t\t\t\t\t\t\t\t\t\t\t\t\t<img decoding=\"async\" width=\"1024\" height=\"683\" src=\"https:\/\/xn--ponsnioles-y9a.com\/wp-content\/uploads\/2023\/10\/CP_5798-1024x683.jpg\" class=\"attachment-large size-large wp-image-1377\" alt=\"\" srcset=\"https:\/\/xn--ponsnioles-y9a.com\/wp-content\/uploads\/2023\/10\/CP_5798-1024x683.jpg 1024w, https:\/\/xn--ponsnioles-y9a.com\/wp-content\/uploads\/2023\/10\/CP_5798-300x200.jpg 300w, https:\/\/xn--ponsnioles-y9a.com\/wp-content\/uploads\/2023\/10\/CP_5798-768x512.jpg 768w, https:\/\/xn--ponsnioles-y9a.com\/wp-content\/uploads\/2023\/10\/CP_5798-1536x1024.jpg 1536w, https:\/\/xn--ponsnioles-y9a.com\/wp-content\/uploads\/2023\/10\/CP_5798-2048x1365.jpg 2048w\" sizes=\"(max-width: 1024px) 100vw, 1024px\" \/>\t\t\t\t\t\t\t\t\t\t\t\t\t<\/div>\n\t\t\t\t<\/div>\n\t\t\t\t<div class=\"elementor-element elementor-element-3093299 elementor-widget elementor-widget-heading\" data-id=\"3093299\" data-element_type=\"widget\" data-widget_type=\"heading.default\">\n\t\t\t\t<div class=\"elementor-widget-container\">\n\t\t\t<h2 class=\"elementor-heading-title elementor-size-default\">Francisco Ni\u00f1oles Ros<\/h2>\t\t<\/div>\n\t\t\t\t<\/div>\n\t\t\t\t<div class=\"elementor-element elementor-element-de7451c elementor-widget elementor-widget-text-editor\" data-id=\"de7451c\" data-element_type=\"widget\" data-widget_type=\"text-editor.default\">\n\t\t\t\t<div class=\"elementor-widget-container\">\n\t\t\t\t\t\t\t<ul><li>Abogado especialista el Responsabilidad Civil y Derecho Penal.<\/li><li>Colegiado en el Ilustre Colegio de Abogados de Elche.<\/li><li>Licenciado en Derecho por la Universidad de Alicante.<\/li><\/ul>\t\t\t\t\t\t<\/div>\n\t\t\t\t<\/div>\n\t\t\t\t<\/div>\n\t\t<div class=\"elementor-element elementor-element-8c29b88 e-con-full e-flex e-con e-child\" data-id=\"8c29b88\" data-element_type=\"container\" data-settings=\"{&quot;content_width&quot;:&quot;full&quot;}\">\n\t\t\t\t<div class=\"elementor-element elementor-element-a827acf elementor-widget elementor-widget-spacer\" data-id=\"a827acf\" data-element_type=\"widget\" data-widget_type=\"spacer.default\">\n\t\t\t\t<div class=\"elementor-widget-container\">\n\t\t\t\t\t<div class=\"elementor-spacer\">\n\t\t\t<div class=\"elementor-spacer-inner\"><\/div>\n\t\t<\/div>\n\t\t\t\t<\/div>\n\t\t\t\t<\/div>\n\t\t\t\t<div class=\"elementor-element elementor-element-6a16866 elementor-widget elementor-widget-image\" data-id=\"6a16866\" data-element_type=\"widget\" data-widget_type=\"image.default\">\n\t\t\t\t<div class=\"elementor-widget-container\">\n\t\t\t\t\t\t\t\t\t\t\t\t\t<img loading=\"lazy\" decoding=\"async\" width=\"1024\" height=\"683\" src=\"https:\/\/xn--ponsnioles-y9a.com\/wp-content\/uploads\/2023\/10\/CP_5785-1024x683.jpg\" class=\"attachment-large size-large wp-image-1378\" alt=\"\" srcset=\"https:\/\/xn--ponsnioles-y9a.com\/wp-content\/uploads\/2023\/10\/CP_5785-1024x683.jpg 1024w, https:\/\/xn--ponsnioles-y9a.com\/wp-content\/uploads\/2023\/10\/CP_5785-300x200.jpg 300w, https:\/\/xn--ponsnioles-y9a.com\/wp-content\/uploads\/2023\/10\/CP_5785-768x512.jpg 768w, https:\/\/xn--ponsnioles-y9a.com\/wp-content\/uploads\/2023\/10\/CP_5785-1536x1024.jpg 1536w, https:\/\/xn--ponsnioles-y9a.com\/wp-content\/uploads\/2023\/10\/CP_5785-2048x1365.jpg 2048w\" sizes=\"(max-width: 1024px) 100vw, 1024px\" \/>\t\t\t\t\t\t\t\t\t\t\t\t\t<\/div>\n\t\t\t\t<\/div>\n\t\t\t\t<div class=\"elementor-element elementor-element-731cde2 elementor-widget elementor-widget-heading\" data-id=\"731cde2\" data-element_type=\"widget\" data-widget_type=\"heading.default\">\n\t\t\t\t<div class=\"elementor-widget-container\">\n\t\t\t<h2 class=\"elementor-heading-title elementor-size-default\"><span style=\"color: var( --e-global-color-astglobalcolor1 ); font-size: 2.4rem; text-align: var(--text-align); background-color: var(--ast-global-color-4);\">Andrea Ramos Pons<\/span><\/h2>\t\t<\/div>\n\t\t\t\t<\/div>\n\t\t\t\t<div class=\"elementor-element elementor-element-2e8b50e elementor-widget elementor-widget-text-editor\" data-id=\"2e8b50e\" data-element_type=\"widget\" data-widget_type=\"text-editor.default\">\n\t\t\t\t<div class=\"elementor-widget-container\">\n\t\t\t\t\t\t\t<ul><li>Abogada especialista en Derecho de Familia, Sucesiones y Herencias.<\/li><li>Colegiada en el Ilustre Colegio de Abogados de Barcelona.<\/li><li>Doble graduada en Derecho y Global Governance, Economics and Legal Order por ESADE.<\/li><li>Doble M\u00e1ster Universitario en Abogac\u00eda y Derecho Internacional por ESADE.<\/li><\/ul>\t\t\t\t\t\t<\/div>\n\t\t\t\t<\/div>\n\t\t\t\t<\/div>\n\t\t<div class=\"elementor-element elementor-element-613b046 e-con-full e-flex e-con e-child\" data-id=\"613b046\" data-element_type=\"container\" data-settings=\"{&quot;content_width&quot;:&quot;full&quot;}\">\n\t\t\t\t<div class=\"elementor-element elementor-element-a262607 elementor-widget elementor-widget-spacer\" data-id=\"a262607\" data-element_type=\"widget\" data-widget_type=\"spacer.default\">\n\t\t\t\t<div class=\"elementor-widget-container\">\n\t\t\t\t\t<div class=\"elementor-spacer\">\n\t\t\t<div class=\"elementor-spacer-inner\"><\/div>\n\t\t<\/div>\n\t\t\t\t<\/div>\n\t\t\t\t<\/div>\n\t\t\t\t<div class=\"elementor-element elementor-element-a9fde6d elementor-widget elementor-widget-image\" data-id=\"a9fde6d\" data-element_type=\"widget\" data-widget_type=\"image.default\">\n\t\t\t\t<div class=\"elementor-widget-container\">\n\t\t\t\t\t\t\t\t\t\t\t\t\t<img loading=\"lazy\" decoding=\"async\" width=\"1024\" height=\"683\" src=\"https:\/\/xn--ponsnioles-y9a.com\/wp-content\/uploads\/2023\/11\/CP_5745-copia-1024x683.jpg\" class=\"attachment-large size-large wp-image-1501\" alt=\"\" srcset=\"https:\/\/xn--ponsnioles-y9a.com\/wp-content\/uploads\/2023\/11\/CP_5745-copia-1024x683.jpg 1024w, https:\/\/xn--ponsnioles-y9a.com\/wp-content\/uploads\/2023\/11\/CP_5745-copia-300x200.jpg 300w, https:\/\/xn--ponsnioles-y9a.com\/wp-content\/uploads\/2023\/11\/CP_5745-copia-768x512.jpg 768w, https:\/\/xn--ponsnioles-y9a.com\/wp-content\/uploads\/2023\/11\/CP_5745-copia-1536x1024.jpg 1536w, https:\/\/xn--ponsnioles-y9a.com\/wp-content\/uploads\/2023\/11\/CP_5745-copia-2048x1365.jpg 2048w\" sizes=\"(max-width: 1024px) 100vw, 1024px\" \/>\t\t\t\t\t\t\t\t\t\t\t\t\t<\/div>\n\t\t\t\t<\/div>\n\t\t\t\t<div class=\"elementor-element elementor-element-e47de3d elementor-widget elementor-widget-heading\" data-id=\"e47de3d\" data-element_type=\"widget\" data-widget_type=\"heading.default\">\n\t\t\t\t<div class=\"elementor-widget-container\">\n\t\t\t<h2 class=\"elementor-heading-title elementor-size-default\">Lara Boix Alc\u00e1zar<\/h2>\t\t<\/div>\n\t\t\t\t<\/div>\n\t\t\t\t<div class=\"elementor-element elementor-element-107f20b elementor-widget elementor-widget-text-editor\" data-id=\"107f20b\" data-element_type=\"widget\" data-widget_type=\"text-editor.default\">\n\t\t\t\t<div class=\"elementor-widget-container\">\n\t\t\t\t\t\t\t<ul><li>Abogada especialista en derecho penal<\/li><li>Colegiada en el Ilustre Colegio de abogados de Elche.<\/li><li>Graduada en Derecho por la Universidad Nacional de Educaci\u00f3n a Distancia.<\/li><li>Master Universitario en Abogac\u00eda y Pr\u00e1ctica Jur\u00eddica por la Universitat Internacional Valenciana.<\/li><\/ul>\t\t\t\t\t\t<\/div>\n\t\t\t\t<\/div>\n\t\t\t\t<\/div>\n\t\t\t\t\t<\/div>\n\t\t\t\t<\/div>\n\t\t<div class=\"elementor-element elementor-element-3a5afb4 e-con-full e-flex e-con e-parent\" data-id=\"3a5afb4\" data-element_type=\"container\" data-settings=\"{&quot;content_width&quot;:&quot;full&quot;,&quot;background_background&quot;:&quot;classic&quot;}\" data-core-v316-plus=\"true\">\n\t\t<div class=\"elementor-element elementor-element-894044c e-con-full e-flex e-con e-child\" data-id=\"894044c\" data-element_type=\"container\" data-settings=\"{&quot;content_width&quot;:&quot;full&quot;}\">\n\t\t\t\t<div class=\"elementor-element elementor-element-f3b1fa3 elementor-widget elementor-widget-spacer\" data-id=\"f3b1fa3\" data-element_type=\"widget\" data-widget_type=\"spacer.default\">\n\t\t\t\t<div class=\"elementor-widget-container\">\n\t\t\t\t\t<div class=\"elementor-spacer\">\n\t\t\t<div class=\"elementor-spacer-inner\"><\/div>\n\t\t<\/div>\n\t\t\t\t<\/div>\n\t\t\t\t<\/div>\n\t\t\t\t<div class=\"elementor-element elementor-element-8161952 elementor-widget__width-initial elementor-widget-mobile__width-initial elementor-widget elementor-widget-text-editor\" data-id=\"8161952\" data-element_type=\"widget\" data-widget_type=\"text-editor.default\">\n\t\t\t\t<div class=\"elementor-widget-container\">\n\t\t\t\t\t\t\t<h1>Nuestro Equipo,<\/h1><h1>\u00a0Es T\u00fa Equipo<\/h1>\t\t\t\t\t\t<\/div>\n\t\t\t\t<\/div>\n\t\t\t\t<div class=\"elementor-element elementor-element-08414de elementor-widget elementor-widget-spacer\" data-id=\"08414de\" data-element_type=\"widget\" data-widget_type=\"spacer.default\">\n\t\t\t\t<div class=\"elementor-widget-container\">\n\t\t\t\t\t<div class=\"elementor-spacer\">\n\t\t\t<div class=\"elementor-spacer-inner\"><\/div>\n\t\t<\/div>\n\t\t\t\t<\/div>\n\t\t\t\t<\/div>\n\t\t\t\t<\/div>\n\t\t<div class=\"elementor-element elementor-element-65a1a5a e-con-full e-flex e-con e-child\" data-id=\"65a1a5a\" data-element_type=\"container\" data-settings=\"{&quot;content_width&quot;:&quot;full&quot;}\">\n\t\t\t\t<div class=\"elementor-element elementor-element-485de17 elementor-hidden-tablet elementor-hidden-mobile elementor-widget elementor-widget-spacer\" data-id=\"485de17\" data-element_type=\"widget\" data-widget_type=\"spacer.default\">\n\t\t\t\t<div class=\"elementor-widget-container\">\n\t\t\t\t\t<div class=\"elementor-spacer\">\n\t\t\t<div class=\"elementor-spacer-inner\"><\/div>\n\t\t<\/div>\n\t\t\t\t<\/div>\n\t\t\t\t<\/div>\n\t\t\t\t<div class=\"elementor-element elementor-element-d61e4c4 elementor-hidden-tablet elementor-hidden-mobile elementor-widget elementor-widget-spacer\" data-id=\"d61e4c4\" data-element_type=\"widget\" data-widget_type=\"spacer.default\">\n\t\t\t\t<div class=\"elementor-widget-container\">\n\t\t\t\t\t<div class=\"elementor-spacer\">\n\t\t\t<div class=\"elementor-spacer-inner\"><\/div>\n\t\t<\/div>\n\t\t\t\t<\/div>\n\t\t\t\t<\/div>\n\t\t\t\t<div class=\"elementor-element elementor-element-520d7f7 elementor-align-left elementor-mobile-align-center elementor-widget elementor-widget-button\" data-id=\"520d7f7\" data-element_type=\"widget\" data-widget_type=\"button.default\">\n\t\t\t\t<div class=\"elementor-widget-container\">\n\t\t\t\t\t<div class=\"elementor-button-wrapper\">\n\t\t\t<a class=\"elementor-button elementor-button-link elementor-size-sm\" href=\"#\">\n\t\t\t\t\t\t<span class=\"elementor-button-content-wrapper\">\n\t\t\t\t\t\t<span class=\"elementor-button-text\">CONT\u00c1CTANOS<\/span>\n\t\t<\/span>\n\t\t\t\t\t<\/a>\n\t\t<\/div>\n\t\t\t\t<\/div>\n\t\t\t\t<\/div>\n\t\t\t\t<\/div>\n\t\t\t\t<\/div>\n\t\t\t\t<\/div>\n\t\t","protected":false},"excerpt":{"rendered":"<p>Nuestro Equipo, Es T\u00fa Equipo El equipo de expertos en PONS NI\u00d1OLES ABOGADOS destaca por su excepcional preparaci\u00f3n en materias jur\u00eddicas, su visi\u00f3n estrat\u00e9gica, y su compromiso inquebrantable con la prestaci\u00f3n de servicios de vanguardia en el \u00e1mbito legal. Un rasgo distintivo de nuestra firma, es que el abogado o la abogada responsable del caso &hellip;<\/p>\n<p class=\"read-more\"> <a class=\"\" href=\"https:\/\/xn--ponsnioles-y9a.com\/index.php\/nuestro-equipo-3\/\"> <span class=\"screen-reader-text\">Nuestro equipo<\/span> Read More &raquo;<\/a><\/p>\n","protected":false},"author":1,"featured_media":0,"parent":0,"menu_order":0,"comment_status":"closed","ping_status":"closed","template":"","meta":{"inline_featured_image":false,"site-sidebar-layout":"no-sidebar","site-content-layout":"page-builder","ast-site-content-layout":"full-width-container","site-content-style":"default","site-sidebar-style":"default","ast-global-header-display":"","ast-banner-title-visibility":"","ast-main-header-display":"","ast-hfb-above-header-display":"","ast-hfb-below-header-display":"","ast-hfb-mobile-header-display":"","site-post-title":"disabled","ast-breadcrumbs-content":"","ast-featured-img":"disabled","footer-sml-layout":"","theme-transparent-header-meta":"","adv-header-id-meta":"","stick-header-meta":"","header-above-stick-meta":"","header-main-stick-meta":"","header-below-stick-meta":"","astra-migrate-meta-layouts":"","ast-page-background-enabled":"default","ast-page-background-meta":{"desktop":{"background-color":"","background-image":"","background-repeat":"repeat","background-position":"center center","background-size":"auto","background-attachment":"scroll","background-type":"","background-media":"","overlay-type":"","overlay-color":"","overlay-gradient":""},"tablet":{"background-color":"","background-image":"","background-repeat":"repeat","background-position":"center center","background-size":"auto","background-attachment":"scroll","background-type":"","background-media":"","overlay-type":"","overlay-color":"","overlay-gradient":""},"mobile":{"background-color":"","background-image":"","background-repeat":"repeat","background-position":"center center","background-size":"auto","background-attachment":"scroll","background-type":"","background-media":"","overlay-type":"","overlay-color":"","overlay-gradient":""}},"ast-content-background-meta":{"desktop":{"background-color":"var(--ast-global-color-5)","background-image":"","background-repeat":"repeat","background-position":"center center","background-size":"auto","background-attachment":"scroll","background-type":"","background-media":"","overlay-type":"","overlay-color":"","overlay-gradient":""},"tablet":{"background-color":"var(--ast-global-color-5)","background-image":"","background-repeat":"repeat","background-position":"center center","background-size":"auto","background-attachment":"scroll","background-type":"","background-media":"","overlay-type":"","overlay-color":"","overlay-gradient":""},"mobile":{"background-color":"var(--ast-global-color-5)","background-image":"","background-repeat":"repeat","background-position":"center center","background-size":"auto","background-attachment":"scroll","background-type":"","background-media":"","overlay-type":"","overlay-color":"","overlay-gradient":""}},"footnotes":""},"_links":{"self":[{"href":"https:\/\/xn--ponsnioles-y9a.com\/index.php\/wp-json\/wp\/v2\/pages\/1038"}],"collection":[{"href":"https:\/\/xn--ponsnioles-y9a.com\/index.php\/wp-json\/wp\/v2\/pages"}],"about":[{"href":"https:\/\/xn--ponsnioles-y9a.com\/index.php\/wp-json\/wp\/v2\/types\/page"}],"author":[{"embeddable":true,"href":"https:\/\/xn--ponsnioles-y9a.com\/index.php\/wp-json\/wp\/v2\/users\/1"}],"replies":[{"embeddable":true,"href":"https:\/\/xn--ponsnioles-y9a.com\/index.php\/wp-json\/wp\/v2\/comments?post=1038"}],"version-history":[{"count":73,"href":"https:\/\/xn--ponsnioles-y9a.com\/index.php\/wp-json\/wp\/v2\/pages\/1038\/revisions"}],"predecessor-version":[{"id":1640,"href":"https:\/\/xn--ponsnioles-y9a.com\/index.php\/wp-json\/wp\/v2\/pages\/1038\/revisions\/1640"}],"wp:attachment":[{"href":"https:\/\/xn--ponsnioles-y9a.com\/index.php\/wp-json\/wp\/v2\/media?parent=1038"}],"curies":[{"name":"wp","href":"https:\/\/api.w.org\/{rel}","templated":true}]}}